{"id":686,"date":"2020-11-29T17:26:28","date_gmt":"2020-11-29T17:26:28","guid":{"rendered":"https:\/\/uyuni.eu\/?page_id=686"},"modified":"2021-05-04T07:25:48","modified_gmt":"2021-05-04T07:25:48","slug":"aviso-legal","status":"publish","type":"page","link":"https:\/\/uyuni.eu\/es\/aviso-legal\/","title":{"rendered":"Aviso legal"},"content":{"rendered":"\n<p>Las presentes condiciones regulan y son aplicables a todas las compras de los productos y servicios realizadas desde la web:www.uyuni.eu, cuya titularidad<strong> pertenece a la empresa FEELWHEELS, S.L.<\/strong><\/p>\n\n\n\n<p>Todas las compras realizadas a trav\u00e9s de esta p\u00e1gina web constituyen la creaci\u00f3n de un contrato concluido a distancia, y necesariamente implica la aceptaci\u00f3n, sin restricciones ni reservas, por sus partes, de las presentes Condiciones Generales de Compra.<\/p>\n\n\n\n<p>Las presentes condiciones generales est\u00e1n presentadas en castellano, pero se traducir\u00e1n a trav\u00e9s de la web al idioma que elija el usuario.&nbsp; <strong>FEELWHEELS, S.L., <\/strong>se reserva el derecho de modificarlas, de forma que las modificaciones entrar\u00e1n en vigor en el momento de su publicaci\u00f3n en la web. Por eso, le invitamos a informarse regularmente de nuevas condiciones generales de venta vigentes.<\/p>\n\n\n\n<p>Usted declara estar conforme con la informaci\u00f3n y haber aceptado las presentes condiciones generales de venta antes de realizar su compra.<\/p>\n\n\n\n<p>Compa\u00f1\u00eda: FEELWHEELS, S.L., con CIF: B-76214600.<\/p>\n\n\n\n<p>Direcci\u00f3n: C\/ El Cid 39- Piso 2\u00ba; 35010 LAS PALMAS DE GRAN CANARIA (LAS PALMAS) ESPA\u00d1A.<\/p>\n\n\n\n<p>Correo electr\u00f3nico: feelwheels@uyuni.eu<\/p>\n\n\n\n<p>Web: www.uyuni.eu -Tel\u00e9fono atenci\u00f3n al cliente: +34 644573351<\/p>\n\n\n\n<p>Inscripci\u00f3n en el Registro Mercantil de las Palmas de Gran Canaria: Tomo: 2105,Libro:0, Folio N\u00ba 57, Inscripci\u00f3n 1, Hoja: GC-49285.<\/p>\n\n\n\n<p>La realizaci\u00f3n de cualquier pedido supone que usted ha le\u00eddo y aceptado las presentes condiciones de venta. Si lo desea, puede imprimir una copia del presente documento, a fin de facilitar futuras referencias as\u00ed como su conocimiento.<\/p>\n\n\n\n<h2><strong>EXACTITUD DE LOS CONTENIDOS<\/strong><\/h2>\n\n\n\n<p><strong>FEELWHEELS, S.L<\/strong>. se esfuerza en mantener la informaci\u00f3n de la Web actualizada. Sin embargo, no es posible garantizar la completa ausencia de errores en la Web. La informaci\u00f3n y otro material publicado en esta Web pueden incluir imprecisiones o errores tipogr\u00e1ficos. Los pesos, dimensiones y vol\u00famenes son s\u00f3lo aproximados. Hemos realizado los esfuerzos necesarios para asegurar que la informaci\u00f3n sobre el producto es exacta y para proporcionar tan exactamente como sea posible el color de los productos. Sin embargo no podemos garantizar que su monitor refleje con exactitud los colores del producto a entregar. La informaci\u00f3n contenida en este documento est\u00e1 sometida a cambios peri\u00f3dicos. <strong>FEELWHEELS, S.L<\/strong> se reserva el derecho de modificar la Web en cualquier momento, a su criterio. <strong>FEELWHEELS, S.L<\/strong> no garantiza que las funciones contenidas en la Web o cualquier material o informaci\u00f3n contenido en el mismo sean ininterrumpidas y est\u00e9n libres de errores, que los errores sean corregidos o que la Web o el servidor que la pone a disposici\u00f3n del usuario no contenga virus u otros componentes perjudiciales.<strong> FEELWHEELS, S.L<\/strong>. no ser\u00e1 responsable por el uso de la Web, incluyendo, sin limitaci\u00f3n, el contenido y cualquier error incluido en el mismo.<\/p>\n\n\n\n<p>Restricciones sobre el equipaje mano\/cabina: aunque nos esforzamos por asegurar que los productos descritos como equipaje de mano o de cabina cumplen con las restricciones actuales de las l\u00edneas a\u00e9reas, no podemos responsabilizarnos de que una l\u00ednea a\u00e9rea aplique otros est\u00e1ndares para el equipaje o de que las l\u00edneas a\u00e9reas o los aeropuertos modifiquen sus restricciones, especialmente respecto al uso del patinete incorporado en este tipo de Trolley, en cualquier tipo de v\u00eda p\u00fablica.<\/p>\n\n\n\n<h2><strong>DISPONIBILIDAD<\/strong><\/h2>\n\n\n\n<p>Si alguno de los productos de su pedido no estuviera disponible una vez ya facturado \u00e9ste, <strong>FEEWHEELS, S.L.<\/strong> se compromete enviarle los productos disponibles y a proceder al reembolso del producto agotado. Esto no ser\u00e1 aplicable en el caso de promociones y ofertas relacionadas con compras anticipadas o retrasos en la fecha de entrega que hayan sido previamente informadas y aceptadas libremente por el cliente o acordadas con posterioridad a la compra.<\/p>\n\n\n\n<h2><strong>RESPONSABILIDAD DERIVADA DE LA COMPRA DEL PRODUCTO<\/strong><\/h2>\n\n\n\n<p><strong>FEELWHEELS, S.L<\/strong>. no ser\u00e1 responsable de:<\/p>\n\n\n\n<ol><li>Ning\u00fan da\u00f1o (incluyendo sin limitaci\u00f3n la p\u00e9rdida de beneficios o la p\u00e9rdida de uso) derivada del uso o retraso o la imposibilidad de usar esta Web, sus contenidos o cualquier link a otra p\u00e1gina Web derivados del contrato, il\u00edcito civil (incluyendo negligencia) u otro, excepto en el caso de muerte o da\u00f1o personal causado por nuestra negligencia o mala conducta intencionada.<\/li><li>Cualquier p\u00e9rdida que no sea razonablemente previsible por ambas partes en el momento en el que se formalice la compra derivado del suministro de los productos y el correspondiente servicio o el uso que Ud. realice.<\/li><li>Cualquier p\u00e9rdida que no haya sido causada ni directamente imputable a FEELWHEELS, S.L.<\/li><li>P\u00e9rdidas comerciales o de negocio del cliente.<\/li><li>La carencia de repuestos de las piezas del producto.<\/li><li>La carencia de soporte t\u00e9cnico del producto.<\/li><li><strong>En todo caso cualquier derivaci\u00f3n de responsabilidad a FELWHEELS, S.L., no podr\u00e1 exceder del precio que haya pagado el cliente por el producto.&nbsp;<\/strong><\/li><\/ol>\n\n\n\n<h2><strong>RESPONSABILIDAD POR DA\u00d1OS A TERCEROS O AL PROPIO CLIENTE POR USO DEL PRODUCTO<\/strong><\/h2>\n\n\n\n<p>FEELWHEELS, S.L, no se hace responsable de accidentes del usuario o de terceros por un uso negligente de la Trolley convertible en patinete, en cualquier lugar y, en especial en aeropuertos, estaciones de ferrocarril, autobuses, centros comerciales y en general en cualquier tipo de v\u00eda p\u00fablica. Asimismo, FEELWHEELS, S.L, no se hace responsable de cualquier cambio de normativa estatal o municipal que, en el futuro, pueda prohibir el uso del Patinete de esta Trolley.<\/p>\n\n\n\n<h2><strong>PREGUNTAS, RECLAMACIONES, COMENTARIOS Y ATENCI\u00d3N AL CLIENTE<\/strong><\/h2>\n\n\n\n<p>Cualquier pregunta sobre esta Web o por causa de problemas t\u00e9cnicos en acceder a la informaci\u00f3n, el cliente contactar\u00e1 con: <strong>feelwheels@uyuni.eu<\/strong>&nbsp;<\/p>\n\n\n\n<h2><strong>Legislaci\u00f3n aplicable y Jurisdicci\u00f3n.<\/strong><\/h2>\n\n\n\n<p>Todos y cada uno de los contratos ser\u00e1n interpretados y ejecutados de acuerdo con las leyes de Espa\u00f1a y las partes del contrato se someten irrevocablemente a la exclusiva jurisdicci\u00f3n de los Tribunales Espa\u00f1oles y concretamente a la jurisdicci\u00f3n de los Juzgados y Tribunales de la ciudad de Madrid-Capital, para la resoluci\u00f3n de las divergencias que se deriven de la interpretaci\u00f3n o aplicaci\u00f3n de estas condiciones generales.<\/p>\n","protected":false},"excerpt":{"rendered":"<p>Las presentes condiciones regulan y son aplicables a todas las compras de los productos y [&hellip;]<\/p>\n","protected":false},"author":1,"featured_media":0,"parent":0,"menu_order":0,"comment_status":"closed","ping_status":"closed","template":"","meta":{"_mi_skip_tracking":false},"acf":[],"yoast_head":"<!-- This site is optimized with the Yoast SEO plugin v17.9 - https:\/\/yoast.com\/wordpress\/plugins\/seo\/ -->\n<title>Aviso legal - uYuni Scooter Luggage<\/title>\n<meta name=\"robots\" content=\"index, follow, max-snippet:-1, max-image-preview:large, max-video-preview:-1\" \/>\n<link rel=\"canonical\" href=\"https:\/\/uyuni.eu\/es\/aviso-legal\/\" \/>\n<meta property=\"og:locale\" content=\"es_ES\" \/>\n<meta property=\"og:type\" content=\"article\" \/>\n<meta property=\"og:title\" content=\"Aviso legal - uYuni Scooter Luggage\" \/>\n<meta property=\"og:description\" content=\"Las presentes condiciones regulan y son aplicables a todas las compras de los productos y [&hellip;]\" \/>\n<meta property=\"og:url\" content=\"https:\/\/uyuni.eu\/es\/aviso-legal\/\" \/>\n<meta property=\"og:site_name\" content=\"uYuni Scooter Luggage\" \/>\n<meta property=\"article:publisher\" content=\"https:\/\/www.facebook.com\/uyunieu\" \/>\n<meta property=\"article:modified_time\" content=\"2021-05-04T07:25:48+00:00\" \/>\n<meta name=\"twitter:card\" content=\"summary_large_image\" \/>\n<meta name=\"twitter:label1\" content=\"Tiempo de lectura\" \/>\n\t<meta name=\"twitter:data1\" content=\"5 minutos\" \/>\n<script type=\"application\/ld+json\" class=\"yoast-schema-graph\">{\"@context\":\"https:\/\/schema.org\",\"@graph\":[{\"@type\":\"Organization\",\"@id\":\"https:\/\/uyuni.eu\/#organization\",\"name\":\"FeelWheels S.L\",\"url\":\"https:\/\/uyuni.eu\/\",\"sameAs\":[\"https:\/\/www.facebook.com\/uyunieu\",\"https:\/\/www.instagram.com\/uyuni.eu\/\",\"https:\/\/www.linkedin.com\/company\/28936659\/\",\"https:\/\/www.youtube.com\/channel\/UCrzrDh3QbhUZWCraEUY35Cg\"],\"logo\":{\"@type\":\"ImageObject\",\"@id\":\"https:\/\/uyuni.eu\/#logo\",\"inLanguage\":\"es\",\"url\":\"https:\/\/uyuni.eu\/wp-content\/uploads\/Logotipo-uyuni-b-150px.png\",\"contentUrl\":\"https:\/\/uyuni.eu\/wp-content\/uploads\/Logotipo-uyuni-b-150px.png\",\"width\":150,\"height\":80,\"caption\":\"FeelWheels S.L\"},\"image\":{\"@id\":\"https:\/\/uyuni.eu\/#logo\"}},{\"@type\":\"WebSite\",\"@id\":\"https:\/\/uyuni.eu\/#website\",\"url\":\"https:\/\/uyuni.eu\/\",\"name\":\"uYuni Scooter Luggage\",\"description\":\"PREMIUM SCOOTER LUGGAGE\",\"publisher\":{\"@id\":\"https:\/\/uyuni.eu\/#organization\"},\"potentialAction\":[{\"@type\":\"SearchAction\",\"target\":{\"@type\":\"EntryPoint\",\"urlTemplate\":\"https:\/\/uyuni.eu\/?s={search_term_string}\"},\"query-input\":\"required name=search_term_string\"}],\"inLanguage\":\"es\"},{\"@type\":\"WebPage\",\"@id\":\"https:\/\/uyuni.eu\/es\/aviso-legal\/#webpage\",\"url\":\"https:\/\/uyuni.eu\/es\/aviso-legal\/\",\"name\":\"Aviso legal - uYuni Scooter Luggage\",\"isPartOf\":{\"@id\":\"https:\/\/uyuni.eu\/#website\"},\"datePublished\":\"2020-11-29T17:26:28+00:00\",\"dateModified\":\"2021-05-04T07:25:48+00:00\",\"breadcrumb\":{\"@id\":\"https:\/\/uyuni.eu\/es\/aviso-legal\/#breadcrumb\"},\"inLanguage\":\"es\",\"potentialAction\":[{\"@type\":\"ReadAction\",\"target\":[\"https:\/\/uyuni.eu\/es\/aviso-legal\/\"]}]},{\"@type\":\"BreadcrumbList\",\"@id\":\"https:\/\/uyuni.eu\/es\/aviso-legal\/#breadcrumb\",\"itemListElement\":[{\"@type\":\"ListItem\",\"position\":1,\"name\":\"Portada\",\"item\":\"https:\/\/uyuni.eu\/es\/\"},{\"@type\":\"ListItem\",\"position\":2,\"name\":\"Aviso legal\"}]}]}<\/script>\n<!-- \/ Yoast SEO plugin. -->","yoast_head_json":{"title":"Aviso legal - uYuni Scooter Luggage","robots":{"index":"index","follow":"follow","max-snippet":"max-snippet:-1","max-image-preview":"max-image-preview:large","max-video-preview":"max-video-preview:-1"},"canonical":"https:\/\/uyuni.eu\/es\/aviso-legal\/","og_locale":"es_ES","og_type":"article","og_title":"Aviso legal - uYuni Scooter Luggage","og_description":"Las presentes condiciones regulan y son aplicables a todas las compras de los productos y [&hellip;]","og_url":"https:\/\/uyuni.eu\/es\/aviso-legal\/","og_site_name":"uYuni Scooter Luggage","article_publisher":"https:\/\/www.facebook.com\/uyunieu","article_modified_time":"2021-05-04T07:25:48+00:00","twitter_card":"summary_large_image","twitter_misc":{"Tiempo de lectura":"5 minutos"},"schema":{"@context":"https:\/\/schema.org","@graph":[{"@type":"Organization","@id":"https:\/\/uyuni.eu\/#organization","name":"FeelWheels S.L","url":"https:\/\/uyuni.eu\/","sameAs":["https:\/\/www.facebook.com\/uyunieu","https:\/\/www.instagram.com\/uyuni.eu\/","https:\/\/www.linkedin.com\/company\/28936659\/","https:\/\/www.youtube.com\/channel\/UCrzrDh3QbhUZWCraEUY35Cg"],"logo":{"@type":"ImageObject","@id":"https:\/\/uyuni.eu\/#logo","inLanguage":"es","url":"https:\/\/uyuni.eu\/wp-content\/uploads\/Logotipo-uyuni-b-150px.png","contentUrl":"https:\/\/uyuni.eu\/wp-content\/uploads\/Logotipo-uyuni-b-150px.png","width":150,"height":80,"caption":"FeelWheels S.L"},"image":{"@id":"https:\/\/uyuni.eu\/#logo"}},{"@type":"WebSite","@id":"https:\/\/uyuni.eu\/#website","url":"https:\/\/uyuni.eu\/","name":"uYuni Scooter Luggage","description":"PREMIUM SCOOTER LUGGAGE","publisher":{"@id":"https:\/\/uyuni.eu\/#organization"},"potentialAction":[{"@type":"SearchAction","target":{"@type":"EntryPoint","urlTemplate":"https:\/\/uyuni.eu\/?s={search_term_string}"},"query-input":"required name=search_term_string"}],"inLanguage":"es"},{"@type":"WebPage","@id":"https:\/\/uyuni.eu\/es\/aviso-legal\/#webpage","url":"https:\/\/uyuni.eu\/es\/aviso-legal\/","name":"Aviso legal - uYuni Scooter Luggage","isPartOf":{"@id":"https:\/\/uyuni.eu\/#website"},"datePublished":"2020-11-29T17:26:28+00:00","dateModified":"2021-05-04T07:25:48+00:00","breadcrumb":{"@id":"https:\/\/uyuni.eu\/es\/aviso-legal\/#breadcrumb"},"inLanguage":"es","potentialAction":[{"@type":"ReadAction","target":["https:\/\/uyuni.eu\/es\/aviso-legal\/"]}]},{"@type":"BreadcrumbList","@id":"https:\/\/uyuni.eu\/es\/aviso-legal\/#breadcrumb","itemListElement":[{"@type":"ListItem","position":1,"name":"Portada","item":"https:\/\/uyuni.eu\/es\/"},{"@type":"ListItem","position":2,"name":"Aviso legal"}]}]}},"_links":{"self":[{"href":"https:\/\/uyuni.eu\/es\/wp-json\/wp\/v2\/pages\/686"}],"collection":[{"href":"https:\/\/uyuni.eu\/es\/wp-json\/wp\/v2\/pages"}],"about":[{"href":"https:\/\/uyuni.eu\/es\/wp-json\/wp\/v2\/types\/page"}],"author":[{"embeddable":true,"href":"https:\/\/uyuni.eu\/es\/wp-json\/wp\/v2\/users\/1"}],"replies":[{"embeddable":true,"href":"https:\/\/uyuni.eu\/es\/wp-json\/wp\/v2\/comments?post=686"}],"version-history":[{"count":2,"href":"https:\/\/uyuni.eu\/es\/wp-json\/wp\/v2\/pages\/686\/revisions"}],"predecessor-version":[{"id":693,"href":"https:\/\/uyuni.eu\/es\/wp-json\/wp\/v2\/pages\/686\/revisions\/693"}],"wp:attachment":[{"href":"https:\/\/uyuni.eu\/es\/wp-json\/wp\/v2\/media?parent=686"}],"curies":[{"name":"wp","href":"https:\/\/api.w.org\/{rel}","templated":true}]}}