{"id":545,"date":"2020-08-30T17:25:54","date_gmt":"2020-11-10T19:57:06","guid":{"rendered":"https:\/\/uyuni.eu\/product\/uyuni-scooter-suitcase\/"},"modified":"2020-11-11T17:55:46","modified_gmt":"2020-11-11T17:55:46","slug":"uyuni-maleta-patinete","status":"publish","type":"product","link":"https:\/\/uyuni.eu\/es\/producto\/uyuni-maleta-patinete\/","title":{"rendered":"uYuni Maleta Patinete"},"content":{"rendered":"<p>Di adi\u00f3s a las maletas convencionales y s\u00fabete a uYuni, la maleta que te lleva a ti. uYuni es una maleta de cabina con patinete incorporado, dise\u00f1ada para ahorrarte un 70% del tiempo que malgastas en tus desplazamientos cuando viajas, incluido el tiempo de espera en el mostrador de facturaci\u00f3n. Es \u00e1gil, c\u00f3moda, \u00fatil y muy divertida.<\/p>\n","protected":false},"excerpt":{"rendered":"<p>Di adi\u00f3s a las maletas convencionales y s\u00fabete a uYuni, la maleta que te lleva a ti. uYuni es una maleta de cabina con patinete incorporado, dise\u00f1ada para ahorrarte un 70% del tiempo que malgastas en tus desplazamientos cuando viajas, incluido el tiempo de espera en el mostrador de facturaci\u00f3n. Es \u00e1gil, c\u00f3moda, \u00fatil y muy divertida.<\/p>\n","protected":false},"featured_media":348,"comment_status":"open","ping_status":"closed","template":"","meta":{"_mi_skip_tracking":false},"product_cat":[23],"product_tag":[],"acf":[],"yoast_head":"<!-- This site is optimized with the Yoast SEO plugin v17.9 - https:\/\/yoast.com\/wordpress\/plugins\/seo\/ -->\n<title>uYuni Maleta Patinete - uYuni Scooter Luggage<\/title>\n<meta name=\"robots\" content=\"index, follow, max-snippet:-1, max-image-preview:large, max-video-preview:-1\" \/>\n<link rel=\"canonical\" href=\"https:\/\/uyuni.eu\/es\/producto\/uyuni-maleta-patinete\/\" \/>\n<meta property=\"og:locale\" content=\"es_ES\" \/>\n<meta property=\"og:type\" content=\"article\" \/>\n<meta property=\"og:title\" content=\"uYuni Maleta Patinete - uYuni Scooter Luggage\" \/>\n<meta property=\"og:description\" content=\"Di adi\u00f3s a las maletas convencionales y s\u00fabete a uYuni, la maleta que te lleva a ti. uYuni es una maleta de cabina con patinete incorporado, dise\u00f1ada para ahorrarte un 70% del tiempo que malgastas en tus desplazamientos cuando viajas, incluido el tiempo de espera en el mostrador de facturaci\u00f3n. Es \u00e1gil, c\u00f3moda, \u00fatil y muy divertida.\" \/>\n<meta property=\"og:url\" content=\"https:\/\/uyuni.eu\/es\/producto\/uyuni-maleta-patinete\/\" \/>\n<meta property=\"og:site_name\" content=\"uYuni Scooter Luggage\" \/>\n<meta property=\"article:publisher\" content=\"https:\/\/www.facebook.com\/uyunieu\" \/>\n<meta property=\"article:modified_time\" content=\"2020-11-11T17:55:46+00:00\" \/>\n<meta property=\"og:image\" content=\"https:\/\/uyuni.eu\/wp-content\/uploads\/uyuni_fotoproducto-sf.png\" \/>\n\t<meta property=\"og:image:width\" content=\"393\" \/>\n\t<meta property=\"og:image:height\" content=\"800\" \/>\n\t<meta property=\"og:image:type\" content=\"image\/png\" \/>\n<meta name=\"twitter:card\" content=\"summary_large_image\" \/>\n<script type=\"application\/ld+json\" class=\"yoast-schema-graph\">{\"@context\":\"https:\/\/schema.org\",\"@graph\":[{\"@type\":\"Organization\",\"@id\":\"https:\/\/uyuni.eu\/#organization\",\"name\":\"FeelWheels S.L\",\"url\":\"https:\/\/uyuni.eu\/\",\"sameAs\":[\"https:\/\/www.facebook.com\/uyunieu\",\"https:\/\/www.instagram.com\/uyuni.eu\/\",\"https:\/\/www.linkedin.com\/company\/28936659\/\",\"https:\/\/www.youtube.com\/channel\/UCrzrDh3QbhUZWCraEUY35Cg\"],\"logo\":{\"@type\":\"ImageObject\",\"@id\":\"https:\/\/uyuni.eu\/#logo\",\"inLanguage\":\"es\",\"url\":\"https:\/\/uyuni.eu\/wp-content\/uploads\/Logotipo-uyuni-b-150px.png\",\"contentUrl\":\"https:\/\/uyuni.eu\/wp-content\/uploads\/Logotipo-uyuni-b-150px.png\",\"width\":150,\"height\":80,\"caption\":\"FeelWheels S.L\"},\"image\":{\"@id\":\"https:\/\/uyuni.eu\/#logo\"}},{\"@type\":\"WebSite\",\"@id\":\"https:\/\/uyuni.eu\/#website\",\"url\":\"https:\/\/uyuni.eu\/\",\"name\":\"uYuni Scooter Luggage\",\"description\":\"PREMIUM SCOOTER LUGGAGE\",\"publisher\":{\"@id\":\"https:\/\/uyuni.eu\/#organization\"},\"potentialAction\":[{\"@type\":\"SearchAction\",\"target\":{\"@type\":\"EntryPoint\",\"urlTemplate\":\"https:\/\/uyuni.eu\/?s={search_term_string}\"},\"query-input\":\"required name=search_term_string\"}],\"inLanguage\":\"es\"},{\"@type\":\"ImageObject\",\"@id\":\"https:\/\/uyuni.eu\/es\/producto\/uyuni-maleta-patinete\/#primaryimage\",\"inLanguage\":\"es\",\"url\":\"https:\/\/uyuni.eu\/wp-content\/uploads\/uyuni_fotoproducto-sf.png\",\"contentUrl\":\"https:\/\/uyuni.eu\/wp-content\/uploads\/uyuni_fotoproducto-sf.png\",\"width\":393,\"height\":800,\"caption\":\"uyuni\"},{\"@type\":\"WebPage\",\"@id\":\"https:\/\/uyuni.eu\/es\/producto\/uyuni-maleta-patinete\/#webpage\",\"url\":\"https:\/\/uyuni.eu\/es\/producto\/uyuni-maleta-patinete\/\",\"name\":\"uYuni Maleta Patinete - uYuni Scooter Luggage\",\"isPartOf\":{\"@id\":\"https:\/\/uyuni.eu\/#website\"},\"primaryImageOfPage\":{\"@id\":\"https:\/\/uyuni.eu\/es\/producto\/uyuni-maleta-patinete\/#primaryimage\"},\"datePublished\":\"2020-11-10T19:57:06+00:00\",\"dateModified\":\"2020-11-11T17:55:46+00:00\",\"breadcrumb\":{\"@id\":\"https:\/\/uyuni.eu\/es\/producto\/uyuni-maleta-patinete\/#breadcrumb\"},\"inLanguage\":\"es\",\"potentialAction\":[{\"@type\":\"ReadAction\",\"target\":[\"https:\/\/uyuni.eu\/es\/producto\/uyuni-maleta-patinete\/\"]}]},{\"@type\":\"BreadcrumbList\",\"@id\":\"https:\/\/uyuni.eu\/es\/producto\/uyuni-maleta-patinete\/#breadcrumb\",\"itemListElement\":[{\"@type\":\"ListItem\",\"position\":1,\"name\":\"Portada\",\"item\":\"https:\/\/uyuni.eu\/es\/\"},{\"@type\":\"ListItem\",\"position\":2,\"name\":\"Productos\",\"item\":\"https:\/\/uyuni.eu\/es\/shop\/\"},{\"@type\":\"ListItem\",\"position\":3,\"name\":\"uYuni Maleta Patinete\"}]}]}<\/script>\n<!-- \/ Yoast SEO plugin. -->","yoast_head_json":{"title":"uYuni Maleta Patinete - uYuni Scooter Luggage","robots":{"index":"index","follow":"follow","max-snippet":"max-snippet:-1","max-image-preview":"max-image-preview:large","max-video-preview":"max-video-preview:-1"},"canonical":"https:\/\/uyuni.eu\/es\/producto\/uyuni-maleta-patinete\/","og_locale":"es_ES","og_type":"article","og_title":"uYuni Maleta Patinete - uYuni Scooter Luggage","og_description":"Di adi\u00f3s a las maletas convencionales y s\u00fabete a uYuni, la maleta que te lleva a ti. uYuni es una maleta de cabina con patinete incorporado, dise\u00f1ada para ahorrarte un 70% del tiempo que malgastas en tus desplazamientos cuando viajas, incluido el tiempo de espera en el mostrador de facturaci\u00f3n. Es \u00e1gil, c\u00f3moda, \u00fatil y muy divertida.","og_url":"https:\/\/uyuni.eu\/es\/producto\/uyuni-maleta-patinete\/","og_site_name":"uYuni Scooter Luggage","article_publisher":"https:\/\/www.facebook.com\/uyunieu","article_modified_time":"2020-11-11T17:55:46+00:00","og_image":[{"width":393,"height":800,"url":"https:\/\/uyuni.eu\/wp-content\/uploads\/uyuni_fotoproducto-sf.png","type":"image\/png"}],"twitter_card":"summary_large_image","schema":{"@context":"https:\/\/schema.org","@graph":[{"@type":"Organization","@id":"https:\/\/uyuni.eu\/#organization","name":"FeelWheels S.L","url":"https:\/\/uyuni.eu\/","sameAs":["https:\/\/www.facebook.com\/uyunieu","https:\/\/www.instagram.com\/uyuni.eu\/","https:\/\/www.linkedin.com\/company\/28936659\/","https:\/\/www.youtube.com\/channel\/UCrzrDh3QbhUZWCraEUY35Cg"],"logo":{"@type":"ImageObject","@id":"https:\/\/uyuni.eu\/#logo","inLanguage":"es","url":"https:\/\/uyuni.eu\/wp-content\/uploads\/Logotipo-uyuni-b-150px.png","contentUrl":"https:\/\/uyuni.eu\/wp-content\/uploads\/Logotipo-uyuni-b-150px.png","width":150,"height":80,"caption":"FeelWheels S.L"},"image":{"@id":"https:\/\/uyuni.eu\/#logo"}},{"@type":"WebSite","@id":"https:\/\/uyuni.eu\/#website","url":"https:\/\/uyuni.eu\/","name":"uYuni Scooter Luggage","description":"PREMIUM SCOOTER LUGGAGE","publisher":{"@id":"https:\/\/uyuni.eu\/#organization"},"potentialAction":[{"@type":"SearchAction","target":{"@type":"EntryPoint","urlTemplate":"https:\/\/uyuni.eu\/?s={search_term_string}"},"query-input":"required name=search_term_string"}],"inLanguage":"es"},{"@type":"ImageObject","@id":"https:\/\/uyuni.eu\/es\/producto\/uyuni-maleta-patinete\/#primaryimage","inLanguage":"es","url":"https:\/\/uyuni.eu\/wp-content\/uploads\/uyuni_fotoproducto-sf.png","contentUrl":"https:\/\/uyuni.eu\/wp-content\/uploads\/uyuni_fotoproducto-sf.png","width":393,"height":800,"caption":"uyuni"},{"@type":"WebPage","@id":"https:\/\/uyuni.eu\/es\/producto\/uyuni-maleta-patinete\/#webpage","url":"https:\/\/uyuni.eu\/es\/producto\/uyuni-maleta-patinete\/","name":"uYuni Maleta Patinete - uYuni Scooter Luggage","isPartOf":{"@id":"https:\/\/uyuni.eu\/#website"},"primaryImageOfPage":{"@id":"https:\/\/uyuni.eu\/es\/producto\/uyuni-maleta-patinete\/#primaryimage"},"datePublished":"2020-11-10T19:57:06+00:00","dateModified":"2020-11-11T17:55:46+00:00","breadcrumb":{"@id":"https:\/\/uyuni.eu\/es\/producto\/uyuni-maleta-patinete\/#breadcrumb"},"inLanguage":"es","potentialAction":[{"@type":"ReadAction","target":["https:\/\/uyuni.eu\/es\/producto\/uyuni-maleta-patinete\/"]}]},{"@type":"BreadcrumbList","@id":"https:\/\/uyuni.eu\/es\/producto\/uyuni-maleta-patinete\/#breadcrumb","itemListElement":[{"@type":"ListItem","position":1,"name":"Portada","item":"https:\/\/uyuni.eu\/es\/"},{"@type":"ListItem","position":2,"name":"Productos","item":"https:\/\/uyuni.eu\/es\/shop\/"},{"@type":"ListItem","position":3,"name":"uYuni Maleta Patinete"}]}]}},"_links":{"self":[{"href":"https:\/\/uyuni.eu\/es\/wp-json\/wp\/v2\/product\/545"}],"collection":[{"href":"https:\/\/uyuni.eu\/es\/wp-json\/wp\/v2\/product"}],"about":[{"href":"https:\/\/uyuni.eu\/es\/wp-json\/wp\/v2\/types\/product"}],"replies":[{"embeddable":true,"href":"https:\/\/uyuni.eu\/es\/wp-json\/wp\/v2\/comments?post=545"}],"wp:featuredmedia":[{"embeddable":true,"href":"https:\/\/uyuni.eu\/es\/wp-json\/wp\/v2\/media\/348"}],"wp:attachment":[{"href":"https:\/\/uyuni.eu\/es\/wp-json\/wp\/v2\/media?parent=545"}],"wp:term":[{"taxonomy":"product_cat","embeddable":true,"href":"https:\/\/uyuni.eu\/es\/wp-json\/wp\/v2\/product_cat?post=545"},{"taxonomy":"product_tag","embeddable":true,"href":"https:\/\/uyuni.eu\/es\/wp-json\/wp\/v2\/product_tag?post=545"}],"curies":[{"name":"wp","href":"https:\/\/api.w.org\/{rel}","templated":true}]}}